{"id":25143,"date":"2018-06-19T15:19:30","date_gmt":"2018-06-19T15:19:30","guid":{"rendered":"http:\/\/evalunacouture.nl\/?page_id=25143"},"modified":"2018-11-19T15:41:02","modified_gmt":"2018-11-19T14:41:02","slug":"acerca","status":"publish","type":"page","link":"https:\/\/evalunacouture.nl\/es\/acerca\/","title":{"rendered":"ACERCA"},"content":{"rendered":"<div class=\"wpb-content-wrapper\"><p>[vc_row full_width=\u00bbstretch_row_content_no_spaces\u00bb][vc_column][vc_single_image image=\u00bb24984&#8243; img_size=\u00bb4000&#215;1500&#8243; add_caption=\u00bbyes\u00bb alignment=\u00bbcenter\u00bb][\/vc_column][\/vc_row][vc_row full_width=\u00bbstretch_row_content_no_spaces\u00bb css=\u00bb.vc_custom_1529095813147{margin-top: 0px !important;margin-right: 100px !important;margin-bottom: 0px !important;margin-left: 100px !important;border-right-width: 0px !important;border-left-width: 0px !important;padding-top: 0px !important;padding-right: 0px !important;padding-bottom: 0px !important;padding-left: 0px !important;background-color: #ffffff !important;}\u00bb][vc_column]<div class=\"clearboth\"><\/div><style>#thegem-divider-69e8c18657a0a {margin-top: 30px !important;}<\/style><div id=\"thegem-divider-69e8c18657a0a\" class=\"gem-divider  \" style=\"\" ><\/div>[vc_column_text css=\u00bb.vc_custom_1542620871901{margin-right: 100px !important;margin-left: 100px !important;}\u00bb]<\/p>\n<h1 style=\"text-align: center;\">Acerca de Eva Luna Couture<\/h1>\n<p>[\/vc_column_text]<div class=\"clearboth\"><\/div><style>#thegem-divider-69e8c18657a3b {margin-top: 30px !important;}<\/style><div id=\"thegem-divider-69e8c18657a3b\" class=\"gem-divider  \" style=\"\" ><\/div>[\/vc_column][\/vc_row][vc_row css=\u00bb.vc_custom_1525784786553{margin-right: 20px !important;margin-left: 20px !important;}\u00bb][vc_column width=\u00bb1\/6&#8243;][\/vc_column][vc_column width=\u00bb2\/3&#8243;][vc_column_text]Irene Schaepman ya hace m\u00e1s de 20 a\u00f1os que dise\u00f1a creaciones \u00fanicas para mujeres. Est\u00e1 plenamente integrada en el mundo de la alta costura internacional. Sus colecciones consisten de piezas tanto cl\u00e1sicas como modernas, a menudo con pormenores refinados, o alg\u00fan detalle sorprendente. Son combinaciones sofisticadas de forma, material, textura y color.<\/p>\n<p>La inspiraci\u00f3n es la mujer y el cuerpo femenino. Irene contempla su belleza interior, la lleva de dentro a fuera, y la plasma en un vestido. Igual que el cuerpo, cada vestido tiene forma y color \u00fanicos. Los detalles nunca son meros detalles en casa de Eva Luna Couture: la verdadera belleza se esconde detr\u00e1s de ellos.<\/p>\n<p>Esta dedicaci\u00f3n es lo que distingue las creaciones de Eva Luna Couture. Adem\u00e1s de Irene, en el equipo suele haber una mezcla de costureras expertas y j\u00f3venes aprendices.[\/vc_column_text]<div class=\"clearboth\"><\/div><style>#thegem-divider-69e8c18657a57 {margin-top: 30px !important;}<\/style><div id=\"thegem-divider-69e8c18657a57\" class=\"gem-divider  \" style=\"\" ><\/div><style type=\"text\/css\">.thegem-button-69e8c18657af68751 .gem-button svg {fill: #464646;}.thegem-button-69e8c18657af68751 .gem-button:hover svg {fill: #ffffff;}<\/style><div class=\"gem-button-container gem-button-position-center thegem-button-69e8c18657af68751    \"  ><a class=\"gem-button gem-button-size-small gem-button-style-outline gem-button-text-weight-normal gem-button-border-2\" data-ll-effect=\"drop-right-without-wrap\" style=\"border-radius: 2px;border-color: #464646;color: #464646;\" onmouseleave=\"this.style.borderColor='#464646';this.style.backgroundColor='transparent';this.style.color='#464646';\" onmouseenter=\"this.style.borderColor='#464646';this.style.backgroundColor='#464646';this.style.color='#ffffff';\" href=\"http:\/\/www.evalunacouture.nl\/es\/contacto\/\" target=\"_self\">cont\u00e1ctenos<\/a><\/div> <div class=\"clearboth\"><\/div><style>#thegem-divider-69e8c18657b2c {margin-top: 30px !important;}<\/style><div id=\"thegem-divider-69e8c18657b2c\" class=\"gem-divider  \" style=\"\" ><\/div>[\/vc_column][vc_column width=\u00bb1\/6&#8243;][\/vc_column][\/vc_row][vc_row][vc_column][vc_single_image image=\u00bb24602&#8243; img_size=\u00bb400&#215;400&#8243; alignment=\u00bbcenter\u00bb style=\u00bbvc_box_circle_2&#8243; css=\u00bb.vc_custom_1525784684462{padding-top: 50px !important;background-position: center !important;background-repeat: no-repeat !important;background-size: cover !important;}\u00bb]<div class=\"clearboth\"><\/div><style>#thegem-divider-69e8c18657b45 {margin-top: 30px !important;}<\/style><div id=\"thegem-divider-69e8c18657b45\" class=\"gem-divider  \" style=\"\" ><\/div>[vc_column_text css=\u00bb.vc_custom_1542620885867{margin-right: 100px !important;margin-left: 100px !important;border-bottom-width: 100px !important;padding-top: 50px !important;padding-bottom: 50px !important;}\u00bb]<\/p>\n<h3 style=\"text-align: center;\">Irene Schaepman<\/h3>\n<p>[\/vc_column_text]<div class=\"clearboth\"><\/div><style>#thegem-divider-69e8c18657b59 {margin-top: 30px !important;}<\/style><div id=\"thegem-divider-69e8c18657b59\" class=\"gem-divider  \" style=\"\" ><\/div>[\/vc_column][\/vc_row][vc_row css=\u00bb.vc_custom_1525784786553{margin-right: 20px !important;margin-left: 20px !important;}\u00bb][vc_column width=\u00bb1\/6&#8243;][\/vc_column][vc_column width=\u00bb2\/3&#8243;][vc_column_text]Irene Schaepman naci\u00f3 en una isla del Mediterr\u00e1neo. Sus primeros a\u00f1os los pas\u00f3 rodeada de colores y matices: el cielo azul, la tierra roja, y el verdeazul de la mar. Pod\u00eda quedarse encantada admirando los reflejos del agua y todos los detalles alrededor suyo. Admirar y estudiar las cosas con plena calma y anchura.<\/p>\n<p>Con un padre escritor y una madre artista, la creatividad la llevaba en la sangre. Esa fascinaci\u00f3n por la belleza de las cosas y de las personas siempre le ha acompa\u00f1ado. Tambi\u00e9n cuando la familia volvi\u00f3 a Holanda. Despu\u00e9s de la ense\u00f1anza media, ella ya sab\u00eda que quer\u00eda seguir sobre este camino.<\/p>\n<p>Y as\u00ed fue que eligi\u00f3 una carrera en el mundo de la moda, primero en la Academia de Moda Charles Montaigne, y despu\u00e9s en la \u00c9cole de Couture. Y por eso tampoco es de extra\u00f1ar que su mantraha sido y es \u201cVer la Belleza\u201d. As\u00ed naci\u00f3 su pasi\u00f3n por la alta costura.<\/p>\n<p>Despu\u00e9s de su formaci\u00f3n profesional, Irene trabaj\u00f3 en varias casas de costura en varios pa\u00edses. Desde ahora ya hace m\u00e1s de 20 a\u00f1os es propietaria de su propia empresa de costura llamada Eva Luna Couture. Esto le permite maximizar sus talentos y experiencia creando desde vestidos de novia hasta dise\u00f1os hechos a medida.[\/vc_column_text]<div class=\"clearboth\"><\/div><style>#thegem-divider-69e8c18657b6b {margin-top: 30px !important;}<\/style><div id=\"thegem-divider-69e8c18657b6b\" class=\"gem-divider  \" style=\"\" ><\/div><style type=\"text\/css\">.thegem-button-69e8c18657bba2059 .gem-button svg {fill: #464646;}.thegem-button-69e8c18657bba2059 .gem-button:hover svg {fill: #ffffff;}<\/style><div class=\"gem-button-container gem-button-position-center thegem-button-69e8c18657bba2059    \"  ><a class=\"gem-button gem-button-size-small gem-button-style-outline gem-button-text-weight-normal gem-button-border-2\" data-ll-effect=\"drop-right-without-wrap\" style=\"border-radius: 2px;border-color: #464646;color: #464646;\" onmouseleave=\"this.style.borderColor='#464646';this.style.backgroundColor='transparent';this.style.color='#464646';\" onmouseenter=\"this.style.borderColor='#464646';this.style.backgroundColor='#464646';this.style.color='#ffffff';\" href=\"http:\/\/www.evalunacouture.nl\/es\/contacto\/\" target=\"_self\">cont\u00e1ctenos<\/a><\/div> <div class=\"preloader\"><div class=\"preloader-spin\"><\/div><\/div><div class=\"size-small style1 gem-testimonials\" style=background-color:> <div id=\"post-23832\" class=\"gem-testimonial-item post-23832 thegem_testimonial type-thegem_testimonial status-publish has-post-thumbnail\"> <div class=\"gem-testimonial-wrapper \"> <div class=\"gem-testimonial-image\"> <\/div> <div class=\"gem-testimonial-content\"> <div class=\"gem-testimonial-name\" >Anna van Gelder<\/div> <div class=\"gem-testimonial-position\" >Getrouwd in augustus 2017<\/div> <div class=\"gem-testimonial-text\" > <p><span style=\"color: #464646;\">Irene heeft honderd procent aandacht voor wie je bent, wat je graag wilt uitstralen en wat je smaak is.<\/span><\/p>\n<p><span style=\"color: #464646;\">Aan de hand van pasmodellen bedacht ze een unieke jurk, speciaal voor mij. Ik liep op de dag waarvoor hij was gemaakt erin te stralen van oor tot oor!<\/span><\/p> <\/div> <\/div> <\/div> <\/div> <div id=\"post-23833\" class=\"gem-testimonial-item post-23833 thegem_testimonial type-thegem_testimonial status-publish has-post-thumbnail\"> <div class=\"gem-testimonial-wrapper \"> <div class=\"gem-testimonial-image\"> <\/div> <div class=\"gem-testimonial-content\"> <div class=\"gem-testimonial-name\" >Ilse de Graaf<\/div> <div class=\"gem-testimonial-position\" >Getrouwd in juni 2018<\/div> <div class=\"gem-testimonial-text\" > <p><span style=\"color: #464646;\">Ik voelde me een echte bruid in de prachtige, unieke jurk,<\/span><\/p>\n<p><span style=\"color: #464646;\">gemaakt door Irene en haar collega.<\/span><\/p> <\/div> <\/div> <\/div> <\/div> <div class=\"testimonials_svg\"><svg style=\"fill: \" width=\"100\" height=\"50\"><path d=\"M 0,-1 Q 45,5 50,50 Q 55,5 100,-1\" \/><\/svg><\/div><\/div><div class=\"clearboth\"><\/div><style>#thegem-divider-69e8c18664cd2 {margin-top: 25px !important;}<\/style><div id=\"thegem-divider-69e8c18664cd2\" class=\"gem-divider  \" style=\"\" ><\/div>[\/vc_column][vc_column width=\u00bb1\/6&#8243;][\/vc_column][\/vc_row]<\/p>\n<\/div>","protected":false},"excerpt":{"rendered":"<p>[vc_row full_width=\u00bbstretch_row_content_no_spaces\u00bb][vc_column][vc_single_image image=\u00bb24984&#8243; img_size=\u00bb4000&#215;1500&#8243; add_caption=\u00bbyes\u00bb alignment=\u00bbcenter\u00bb][\/vc_column][\/vc_row][vc_row full_width=\u00bbstretch_row_content_no_spaces\u00bb css=\u00bb.vc_custom_1529095813147{margin-top: 0px !important;margin-right: 100px !important;margin-bottom: 0px !important;margin-left: 100px !important;border-right-width: 0px !important;border-left-width: 0px !important;padding-top:&#8230;<\/p>\n","protected":false},"author":1,"featured_media":0,"parent":0,"menu_order":0,"comment_status":"closed","ping_status":"closed","template":"","meta":{"footnotes":""},"class_list":["post-25143","page","type-page","status-publish"],"yoast_head":"<!-- This site is optimized with the Yoast SEO plugin v26.6 - https:\/\/yoast.com\/wordpress\/plugins\/seo\/ -->\n<title>ACERCA - Eva Luna Couture<\/title>\n<meta name=\"robots\" content=\"index, follow, max-snippet:-1, max-image-preview:large, max-video-preview:-1\" \/>\n<link rel=\"canonical\" href=\"https:\/\/evalunacouture.nl\/es\/acerca\/\" \/>\n<meta property=\"og:locale\" content=\"es_ES\" \/>\n<meta property=\"og:type\" content=\"article\" \/>\n<meta property=\"og:title\" content=\"ACERCA - Eva Luna Couture\" \/>\n<meta property=\"og:description\" content=\"[vc_row full_width=\u00bbstretch_row_content_no_spaces\u00bb][vc_column][vc_single_image image=\u00bb24984&#8243; img_size=\u00bb4000&#215;1500&#8243; add_caption=\u00bbyes\u00bb alignment=\u00bbcenter\u00bb][\/vc_column][\/vc_row][vc_row full_width=\u00bbstretch_row_content_no_spaces\u00bb css=\u00bb.vc_custom_1529095813147{margin-top: 0px !important;margin-right: 100px !important;margin-bottom: 0px !important;margin-left: 100px !important;border-right-width: 0px !important;border-left-width: 0px !important;padding-top:...\" \/>\n<meta property=\"og:url\" content=\"https:\/\/evalunacouture.nl\/es\/acerca\/\" \/>\n<meta property=\"og:site_name\" content=\"Eva Luna Couture\" \/>\n<meta property=\"article:modified_time\" content=\"2018-11-19T14:41:02+00:00\" \/>\n<meta name=\"twitter:card\" content=\"summary_large_image\" \/>\n<meta name=\"twitter:label1\" content=\"Tiempo de lectura\" \/>\n\t<meta name=\"twitter:data1\" content=\"4 minutos\" \/>\n<script type=\"application\/ld+json\" class=\"yoast-schema-graph\">{\"@context\":\"https:\/\/schema.org\",\"@graph\":[{\"@type\":\"WebPage\",\"@id\":\"https:\/\/evalunacouture.nl\/es\/acerca\/\",\"url\":\"https:\/\/evalunacouture.nl\/es\/acerca\/\",\"name\":\"ACERCA - Eva Luna Couture\",\"isPartOf\":{\"@id\":\"https:\/\/evalunacouture.nl\/es\/#website\"},\"datePublished\":\"2018-06-19T15:19:30+00:00\",\"dateModified\":\"2018-11-19T14:41:02+00:00\",\"breadcrumb\":{\"@id\":\"https:\/\/evalunacouture.nl\/es\/acerca\/#breadcrumb\"},\"inLanguage\":\"es\",\"potentialAction\":[{\"@type\":\"ReadAction\",\"target\":[\"https:\/\/evalunacouture.nl\/es\/acerca\/\"]}]},{\"@type\":\"BreadcrumbList\",\"@id\":\"https:\/\/evalunacouture.nl\/es\/acerca\/#breadcrumb\",\"itemListElement\":[{\"@type\":\"ListItem\",\"position\":1,\"name\":\"Home\",\"item\":\"https:\/\/evalunacouture.nl\/es\/\"},{\"@type\":\"ListItem\",\"position\":2,\"name\":\"ACERCA\"}]},{\"@type\":\"WebSite\",\"@id\":\"https:\/\/evalunacouture.nl\/es\/#website\",\"url\":\"https:\/\/evalunacouture.nl\/es\/\",\"name\":\"Eva Luna Couture\",\"description\":\"\",\"potentialAction\":[{\"@type\":\"SearchAction\",\"target\":{\"@type\":\"EntryPoint\",\"urlTemplate\":\"https:\/\/evalunacouture.nl\/es\/?s={search_term_string}\"},\"query-input\":{\"@type\":\"PropertyValueSpecification\",\"valueRequired\":true,\"valueName\":\"search_term_string\"}}],\"inLanguage\":\"es\"}]}<\/script>\n<!-- \/ Yoast SEO plugin. -->","yoast_head_json":{"title":"ACERCA - Eva Luna Couture","robots":{"index":"index","follow":"follow","max-snippet":"max-snippet:-1","max-image-preview":"max-image-preview:large","max-video-preview":"max-video-preview:-1"},"canonical":"https:\/\/evalunacouture.nl\/es\/acerca\/","og_locale":"es_ES","og_type":"article","og_title":"ACERCA - Eva Luna Couture","og_description":"[vc_row full_width=\u00bbstretch_row_content_no_spaces\u00bb][vc_column][vc_single_image image=\u00bb24984&#8243; img_size=\u00bb4000&#215;1500&#8243; add_caption=\u00bbyes\u00bb alignment=\u00bbcenter\u00bb][\/vc_column][\/vc_row][vc_row full_width=\u00bbstretch_row_content_no_spaces\u00bb css=\u00bb.vc_custom_1529095813147{margin-top: 0px !important;margin-right: 100px !important;margin-bottom: 0px !important;margin-left: 100px !important;border-right-width: 0px !important;border-left-width: 0px !important;padding-top:...","og_url":"https:\/\/evalunacouture.nl\/es\/acerca\/","og_site_name":"Eva Luna Couture","article_modified_time":"2018-11-19T14:41:02+00:00","twitter_card":"summary_large_image","twitter_misc":{"Tiempo de lectura":"4 minutos"},"schema":{"@context":"https:\/\/schema.org","@graph":[{"@type":"WebPage","@id":"https:\/\/evalunacouture.nl\/es\/acerca\/","url":"https:\/\/evalunacouture.nl\/es\/acerca\/","name":"ACERCA - Eva Luna Couture","isPartOf":{"@id":"https:\/\/evalunacouture.nl\/es\/#website"},"datePublished":"2018-06-19T15:19:30+00:00","dateModified":"2018-11-19T14:41:02+00:00","breadcrumb":{"@id":"https:\/\/evalunacouture.nl\/es\/acerca\/#breadcrumb"},"inLanguage":"es","potentialAction":[{"@type":"ReadAction","target":["https:\/\/evalunacouture.nl\/es\/acerca\/"]}]},{"@type":"BreadcrumbList","@id":"https:\/\/evalunacouture.nl\/es\/acerca\/#breadcrumb","itemListElement":[{"@type":"ListItem","position":1,"name":"Home","item":"https:\/\/evalunacouture.nl\/es\/"},{"@type":"ListItem","position":2,"name":"ACERCA"}]},{"@type":"WebSite","@id":"https:\/\/evalunacouture.nl\/es\/#website","url":"https:\/\/evalunacouture.nl\/es\/","name":"Eva Luna Couture","description":"","potentialAction":[{"@type":"SearchAction","target":{"@type":"EntryPoint","urlTemplate":"https:\/\/evalunacouture.nl\/es\/?s={search_term_string}"},"query-input":{"@type":"PropertyValueSpecification","valueRequired":true,"valueName":"search_term_string"}}],"inLanguage":"es"}]}},"_links":{"self":[{"href":"https:\/\/evalunacouture.nl\/es\/wp-json\/wp\/v2\/pages\/25143","targetHints":{"allow":["GET"]}}],"collection":[{"href":"https:\/\/evalunacouture.nl\/es\/wp-json\/wp\/v2\/pages"}],"about":[{"href":"https:\/\/evalunacouture.nl\/es\/wp-json\/wp\/v2\/types\/page"}],"author":[{"embeddable":true,"href":"https:\/\/evalunacouture.nl\/es\/wp-json\/wp\/v2\/users\/1"}],"replies":[{"embeddable":true,"href":"https:\/\/evalunacouture.nl\/es\/wp-json\/wp\/v2\/comments?post=25143"}],"version-history":[{"count":14,"href":"https:\/\/evalunacouture.nl\/es\/wp-json\/wp\/v2\/pages\/25143\/revisions"}],"predecessor-version":[{"id":26238,"href":"https:\/\/evalunacouture.nl\/es\/wp-json\/wp\/v2\/pages\/25143\/revisions\/26238"}],"wp:attachment":[{"href":"https:\/\/evalunacouture.nl\/es\/wp-json\/wp\/v2\/media?parent=25143"}],"curies":[{"name":"wp","href":"https:\/\/api.w.org\/{rel}","templated":true}]}}