{"id":25190,"date":"2018-08-06T20:28:51","date_gmt":"2018-08-06T20:28:51","guid":{"rendered":"http:\/\/evalunacouture.nl\/?page_id=25190"},"modified":"2018-11-19T15:45:11","modified_gmt":"2018-11-19T14:45:11","slug":"proceso","status":"publish","type":"page","link":"https:\/\/evalunacouture.nl\/es\/proceso\/","title":{"rendered":"PROCESO"},"content":{"rendered":"<div class=\"wpb-content-wrapper\"><p>[vc_row full_width=\u00bbstretch_row_content_no_spaces\u00bb content_placement=\u00bbmiddle\u00bb][vc_column][vc_single_image image=\u00bb25035&#8243; img_size=\u00bb4000&#215;1500&#8243; alignment=\u00bbcenter\u00bb][\/vc_column][\/vc_row][vc_row][vc_column offset=\u00bbvc_col-md-offset-2 vc_col-md-8&#8243;]<div class=\"clearboth\"><\/div><style>#thegem-divider-69e8bfe009e9f {margin-top: 50px !important;}<\/style><div id=\"thegem-divider-69e8bfe009e9f\" class=\"gem-divider  \" style=\"\" ><\/div>[vc_column_text]<\/p>\n<h1 style=\"text-align: center;\">el proceso<\/h1>\n<p>[\/vc_column_text]<div class=\"clearboth\"><\/div><style>#thegem-divider-69e8bfe009ed2 {margin-top: 50px !important;}<\/style><div id=\"thegem-divider-69e8bfe009ed2\" class=\"gem-divider  \" style=\"\" ><\/div>[vc_column_text]<\/p>\n<h6 style=\"text-align: center;\">La primera fase<\/h6>\n<p>[\/vc_column_text]<div class=\"clearboth\"><\/div><style>#thegem-divider-69e8bfe009eef {margin-top: 25px !important;}<\/style><div id=\"thegem-divider-69e8bfe009eef\" class=\"gem-divider  \" style=\"\" ><\/div>[vc_separator border_width=\u00bb2&#8243;]<div class=\"clearboth\"><\/div><style>#thegem-divider-69e8bfe009f05 {margin-top: 25px !important;}<\/style><div id=\"thegem-divider-69e8bfe009f05\" class=\"gem-divider  \" style=\"\" ><\/div>[vc_column_text]La primera fase(o tambi\u00e9n: primera prueba), es la t\u00e9cnica llamada moulage, o sea \u201cmodelado\u201d. Es el alma de la alta costura. Es una t\u00e9cnica en la que se trabaja directamente sobre el cuerpo, en tres dimensiones. El material empleado es algod\u00f3n o tela de manta. El dise\u00f1o y el patronaje surgen simult\u00e1neamente.<\/p>\n<p>El uso de la t\u00e9cnica del moulagepermite experimentar con ideas nuevas a trav\u00e9s de un di\u00e1logo con la tela. As\u00ed nacen las formas m\u00e1s bonitas, elaboradas a toda perfecci\u00f3n. Podr\u00eda definirse como escultura en tela. El vestido se ajustar\u00e1 perfectamente al cuerpo sobre el cual ha sido moldeado: cuerpo y vestido forman una unidad completa. El empleo de esta maravillosa t\u00e9cnica exige por parte de la creadora intuici\u00f3n, creatividad, originalidad, capacidad de imaginaci\u00f3n, y experiencia artesanal.[\/vc_column_text]<div class=\"clearboth\"><\/div><style>#thegem-divider-69e8bfe009f17 {margin-top: 50px !important;}<\/style><div id=\"thegem-divider-69e8bfe009f17\" class=\"gem-divider  \" style=\"\" ><\/div>[vc_column_text]<\/p>\n<h6 style=\"text-align: center;\">Segunda prueba<\/h6>\n<p>[\/vc_column_text]<div class=\"clearboth\"><\/div><style>#thegem-divider-69e8bfe009f28 {margin-top: 25px !important;}<\/style><div id=\"thegem-divider-69e8bfe009f28\" class=\"gem-divider  \" style=\"\" ><\/div>[vc_separator border_width=\u00bb2&#8243;]<div class=\"clearboth\"><\/div><style>#thegem-divider-69e8bfe009f39 {margin-top: 25px !important;}<\/style><div id=\"thegem-divider-69e8bfe009f39\" class=\"gem-divider  \" style=\"\" ><\/div>[vc_column_text]<\/p>\n<p style=\"text-align: center;\"><em>patronaje en los material definitivos con las suturas en la parte exterior.<\/em><\/p>\n<p>En esta fase, el patronaje y la tela ya han sido combinados y moldeados alrededor del cuerpo. Detalle por detalle, se va estudiando lo que ya est\u00e1 bien, y lo que podr\u00eda estar mejor. Tambi\u00e9n en esta fase se trabaja directamente sobre el cuerpo de la mujer. Irene en esta fase tambi\u00e9n propone consejos de estilo, sobre las posibilidades de combinaci\u00f3n y todo lo dem\u00e1s, desde el corte de peluquer\u00eda hasta el calzado.[\/vc_column_text]<div class=\"clearboth\"><\/div><style>#thegem-divider-69e8bfe009f49 {margin-top: 50px !important;}<\/style><div id=\"thegem-divider-69e8bfe009f49\" class=\"gem-divider  \" style=\"\" ><\/div>[vc_column_text]<\/p>\n<h6 style=\"text-align: center;\">Terceraprueba<\/h6>\n<p>[\/vc_column_text]<div class=\"clearboth\"><\/div><style>#thegem-divider-69e8bfe009f59 {margin-top: 25px !important;}<\/style><div id=\"thegem-divider-69e8bfe009f59\" class=\"gem-divider  \" style=\"\" ><\/div>[vc_separator border_width=\u00bb2&#8243;]<div class=\"clearboth\"><\/div><style>#thegem-divider-69e8bfe009f68 {margin-top: 25px !important;}<\/style><div id=\"thegem-divider-69e8bfe009f68\" class=\"gem-divider  \" style=\"\" ><\/div>[vc_column_text]<\/p>\n<p style=\"text-align: center;\"><em>patronaje adaptado a la altura de la mujer calzada.<\/em><\/p>\n<p>Las suturas mientras tanto ya han sido pespunteadas, y el cierre tambi\u00e9n ya est\u00e1 listo. Como en todas las fases, se mira detalle por detalle si aun quedan posibilidades de perfeccionar el modelo.[\/vc_column_text]<div class=\"clearboth\"><\/div><style>#thegem-divider-69e8bfe009f8c {margin-top: 50px !important;}<\/style><div id=\"thegem-divider-69e8bfe009f8c\" class=\"gem-divider  \" style=\"\" ><\/div>[vc_column_text]<\/p>\n<h6 style=\"text-align: center;\">Cuartaprueba<\/h6>\n<p>[\/vc_column_text]<div class=\"clearboth\"><\/div><style>#thegem-divider-69e8bfe009f9d {margin-top: 25px !important;}<\/style><div id=\"thegem-divider-69e8bfe009f9d\" class=\"gem-divider  \" style=\"\" ><\/div>[vc_separator border_width=\u00bb2&#8243;]<div class=\"clearboth\"><\/div><style>#thegem-divider-69e8bfe009fad {margin-top: 25px !important;}<\/style><div id=\"thegem-divider-69e8bfe009fad\" class=\"gem-divider  \" style=\"\" ><\/div>[vc_column_text]\u00c9sta se realiza unas dos semanas antes de la boda (u otra ocasi\u00f3n). Aqu\u00ed se ultiman todos los detalles: los botones, las cintas, y todo lo dem\u00e1s. Para que no haya detalle que no reciba la atenci\u00f3n que se merece.<\/p>\n<p>El \u00faltimo contacto es un par de d\u00edas antes de la boda. El sue\u00f1o entonces ya se ha hecho realidad, y se entrega bien planchado y empaquetado a la cliente.[\/vc_column_text]<div class=\"clearboth\"><\/div><style>#thegem-divider-69e8bfe009fbb {margin-top: 25px !important;}<\/style><div id=\"thegem-divider-69e8bfe009fbb\" class=\"gem-divider  \" style=\"\" ><\/div><style type=\"text\/css\">.thegem-button-69e8bfe00a0538771 .gem-button svg {fill: #464646;}.thegem-button-69e8bfe00a0538771 .gem-button:hover svg {fill: #ffffff;}<\/style><div class=\"gem-button-container gem-button-position-center thegem-button-69e8bfe00a0538771    \"  ><a class=\"gem-button gem-button-size-small gem-button-style-outline gem-button-text-weight-normal gem-button-border-2\" data-ll-effect=\"drop-right-without-wrap\" style=\"border-radius: 2px;border-color: #464646;color: #464646;\" onmouseleave=\"this.style.borderColor='#464646';this.style.backgroundColor='transparent';this.style.color='#464646';\" onmouseenter=\"this.style.borderColor='#464646';this.style.backgroundColor='#464646';this.style.color='#ffffff';\" href=\"http:\/\/www.evalunacouture.nl\/es\/contacto\/\" target=\"_self\">Cont\u00e1ctenos<\/a><\/div> <div class=\"clearboth\"><\/div><style>#thegem-divider-69e8bfe00a086 {margin-top: 50px !important;}<\/style><div id=\"thegem-divider-69e8bfe00a086\" class=\"gem-divider  \" style=\"\" ><\/div>[\/vc_column][\/vc_row]<\/p>\n<\/div>","protected":false},"excerpt":{"rendered":"<p>[vc_row full_width=\u00bbstretch_row_content_no_spaces\u00bb content_placement=\u00bbmiddle\u00bb][vc_column][vc_single_image image=\u00bb25035&#8243; img_size=\u00bb4000&#215;1500&#8243; alignment=\u00bbcenter\u00bb][\/vc_column][\/vc_row][vc_row][vc_column offset=\u00bbvc_col-md-offset-2 vc_col-md-8&#8243;][vc_column_text] el proceso [\/vc_column_text][vc_column_text] La primera fase [\/vc_column_text][vc_separator border_width=\u00bb2&#8243;][vc_column_text]La primera fase(o tambi\u00e9n: primera&#8230;<\/p>\n","protected":false},"author":1,"featured_media":0,"parent":0,"menu_order":0,"comment_status":"closed","ping_status":"closed","template":"","meta":{"footnotes":""},"class_list":["post-25190","page","type-page","status-publish"],"yoast_head":"<!-- This site is optimized with the Yoast SEO plugin v26.6 - https:\/\/yoast.com\/wordpress\/plugins\/seo\/ -->\n<title>PROCESO - Eva Luna Couture<\/title>\n<meta name=\"robots\" content=\"index, follow, max-snippet:-1, max-image-preview:large, max-video-preview:-1\" \/>\n<link rel=\"canonical\" href=\"https:\/\/evalunacouture.nl\/es\/proceso\/\" \/>\n<meta property=\"og:locale\" content=\"es_ES\" \/>\n<meta property=\"og:type\" content=\"article\" \/>\n<meta property=\"og:title\" content=\"PROCESO - Eva Luna Couture\" \/>\n<meta property=\"og:description\" content=\"[vc_row full_width=\u00bbstretch_row_content_no_spaces\u00bb content_placement=\u00bbmiddle\u00bb][vc_column][vc_single_image image=\u00bb25035&#8243; img_size=\u00bb4000&#215;1500&#8243; alignment=\u00bbcenter\u00bb][\/vc_column][\/vc_row][vc_row][vc_column offset=\u00bbvc_col-md-offset-2 vc_col-md-8&#8243;][vc_column_text] el proceso [\/vc_column_text][vc_column_text] La primera fase [\/vc_column_text][vc_separator border_width=\u00bb2&#8243;][vc_column_text]La primera fase(o tambi\u00e9n: primera...\" \/>\n<meta property=\"og:url\" content=\"https:\/\/evalunacouture.nl\/es\/proceso\/\" \/>\n<meta property=\"og:site_name\" content=\"Eva Luna Couture\" \/>\n<meta property=\"article:modified_time\" content=\"2018-11-19T14:45:11+00:00\" \/>\n<meta name=\"twitter:card\" content=\"summary_large_image\" \/>\n<meta name=\"twitter:label1\" content=\"Tiempo de lectura\" \/>\n\t<meta name=\"twitter:data1\" content=\"3 minutos\" \/>\n<script type=\"application\/ld+json\" class=\"yoast-schema-graph\">{\"@context\":\"https:\/\/schema.org\",\"@graph\":[{\"@type\":\"WebPage\",\"@id\":\"https:\/\/evalunacouture.nl\/es\/proceso\/\",\"url\":\"https:\/\/evalunacouture.nl\/es\/proceso\/\",\"name\":\"PROCESO - Eva Luna Couture\",\"isPartOf\":{\"@id\":\"https:\/\/evalunacouture.nl\/es\/#website\"},\"datePublished\":\"2018-08-06T20:28:51+00:00\",\"dateModified\":\"2018-11-19T14:45:11+00:00\",\"breadcrumb\":{\"@id\":\"https:\/\/evalunacouture.nl\/es\/proceso\/#breadcrumb\"},\"inLanguage\":\"es\",\"potentialAction\":[{\"@type\":\"ReadAction\",\"target\":[\"https:\/\/evalunacouture.nl\/es\/proceso\/\"]}]},{\"@type\":\"BreadcrumbList\",\"@id\":\"https:\/\/evalunacouture.nl\/es\/proceso\/#breadcrumb\",\"itemListElement\":[{\"@type\":\"ListItem\",\"position\":1,\"name\":\"Home\",\"item\":\"https:\/\/evalunacouture.nl\/es\/\"},{\"@type\":\"ListItem\",\"position\":2,\"name\":\"PROCESO\"}]},{\"@type\":\"WebSite\",\"@id\":\"https:\/\/evalunacouture.nl\/es\/#website\",\"url\":\"https:\/\/evalunacouture.nl\/es\/\",\"name\":\"Eva Luna Couture\",\"description\":\"\",\"potentialAction\":[{\"@type\":\"SearchAction\",\"target\":{\"@type\":\"EntryPoint\",\"urlTemplate\":\"https:\/\/evalunacouture.nl\/es\/?s={search_term_string}\"},\"query-input\":{\"@type\":\"PropertyValueSpecification\",\"valueRequired\":true,\"valueName\":\"search_term_string\"}}],\"inLanguage\":\"es\"}]}<\/script>\n<!-- \/ Yoast SEO plugin. -->","yoast_head_json":{"title":"PROCESO - Eva Luna Couture","robots":{"index":"index","follow":"follow","max-snippet":"max-snippet:-1","max-image-preview":"max-image-preview:large","max-video-preview":"max-video-preview:-1"},"canonical":"https:\/\/evalunacouture.nl\/es\/proceso\/","og_locale":"es_ES","og_type":"article","og_title":"PROCESO - Eva Luna Couture","og_description":"[vc_row full_width=\u00bbstretch_row_content_no_spaces\u00bb content_placement=\u00bbmiddle\u00bb][vc_column][vc_single_image image=\u00bb25035&#8243; img_size=\u00bb4000&#215;1500&#8243; alignment=\u00bbcenter\u00bb][\/vc_column][\/vc_row][vc_row][vc_column offset=\u00bbvc_col-md-offset-2 vc_col-md-8&#8243;][vc_column_text] el proceso [\/vc_column_text][vc_column_text] La primera fase [\/vc_column_text][vc_separator border_width=\u00bb2&#8243;][vc_column_text]La primera fase(o tambi\u00e9n: primera...","og_url":"https:\/\/evalunacouture.nl\/es\/proceso\/","og_site_name":"Eva Luna Couture","article_modified_time":"2018-11-19T14:45:11+00:00","twitter_card":"summary_large_image","twitter_misc":{"Tiempo de lectura":"3 minutos"},"schema":{"@context":"https:\/\/schema.org","@graph":[{"@type":"WebPage","@id":"https:\/\/evalunacouture.nl\/es\/proceso\/","url":"https:\/\/evalunacouture.nl\/es\/proceso\/","name":"PROCESO - Eva Luna Couture","isPartOf":{"@id":"https:\/\/evalunacouture.nl\/es\/#website"},"datePublished":"2018-08-06T20:28:51+00:00","dateModified":"2018-11-19T14:45:11+00:00","breadcrumb":{"@id":"https:\/\/evalunacouture.nl\/es\/proceso\/#breadcrumb"},"inLanguage":"es","potentialAction":[{"@type":"ReadAction","target":["https:\/\/evalunacouture.nl\/es\/proceso\/"]}]},{"@type":"BreadcrumbList","@id":"https:\/\/evalunacouture.nl\/es\/proceso\/#breadcrumb","itemListElement":[{"@type":"ListItem","position":1,"name":"Home","item":"https:\/\/evalunacouture.nl\/es\/"},{"@type":"ListItem","position":2,"name":"PROCESO"}]},{"@type":"WebSite","@id":"https:\/\/evalunacouture.nl\/es\/#website","url":"https:\/\/evalunacouture.nl\/es\/","name":"Eva Luna Couture","description":"","potentialAction":[{"@type":"SearchAction","target":{"@type":"EntryPoint","urlTemplate":"https:\/\/evalunacouture.nl\/es\/?s={search_term_string}"},"query-input":{"@type":"PropertyValueSpecification","valueRequired":true,"valueName":"search_term_string"}}],"inLanguage":"es"}]}},"_links":{"self":[{"href":"https:\/\/evalunacouture.nl\/es\/wp-json\/wp\/v2\/pages\/25190","targetHints":{"allow":["GET"]}}],"collection":[{"href":"https:\/\/evalunacouture.nl\/es\/wp-json\/wp\/v2\/pages"}],"about":[{"href":"https:\/\/evalunacouture.nl\/es\/wp-json\/wp\/v2\/types\/page"}],"author":[{"embeddable":true,"href":"https:\/\/evalunacouture.nl\/es\/wp-json\/wp\/v2\/users\/1"}],"replies":[{"embeddable":true,"href":"https:\/\/evalunacouture.nl\/es\/wp-json\/wp\/v2\/comments?post=25190"}],"version-history":[{"count":18,"href":"https:\/\/evalunacouture.nl\/es\/wp-json\/wp\/v2\/pages\/25190\/revisions"}],"predecessor-version":[{"id":26240,"href":"https:\/\/evalunacouture.nl\/es\/wp-json\/wp\/v2\/pages\/25190\/revisions\/26240"}],"wp:attachment":[{"href":"https:\/\/evalunacouture.nl\/es\/wp-json\/wp\/v2\/media?parent=25190"}],"curies":[{"name":"wp","href":"https:\/\/api.w.org\/{rel}","templated":true}]}}