{"id":25207,"date":"2018-08-06T20:36:04","date_gmt":"2018-08-06T20:36:04","guid":{"rendered":"http:\/\/evalunacouture.nl\/?page_id=25207"},"modified":"2018-11-19T15:41:40","modified_gmt":"2018-11-19T14:41:40","slug":"artesania","status":"publish","type":"page","link":"https:\/\/evalunacouture.nl\/es\/artesania\/","title":{"rendered":"ARTESANIA"},"content":{"rendered":"<div class=\"wpb-content-wrapper\"><p>[vc_row full_width=\u00bbstretch_row_content_no_spaces\u00bb content_placement=\u00bbmiddle\u00bb][vc_column][vc_single_image image=\u00bb25029&#8243; img_size=\u00bb4000&#215;1500&#8243; alignment=\u00bbcenter\u00bb][\/vc_column][\/vc_row][vc_row css=\u00bb.vc_custom_1529099001444{margin-right: 10px !important;margin-left: 10px !important;}\u00bb][vc_column]<div class=\"clearboth\"><\/div><style>#thegem-divider-69e8c4077d171 {margin-top: 50px !important;}<\/style><div id=\"thegem-divider-69e8c4077d171\" class=\"gem-divider  \" style=\"\" ><\/div>[vc_column_text]<\/p>\n<h1 style=\"text-align: center;\">Artesan\u00eda<\/h1>\n<p>[\/vc_column_text]<div class=\"clearboth\"><\/div><style>#thegem-divider-69e8c4077d1a0 {margin-top: 25px !important;}<\/style><div id=\"thegem-divider-69e8c4077d1a0\" class=\"gem-divider  \" style=\"\" ><\/div>[vc_column_text]<\/p>\n<p style=\"text-align: center;\"><em>&#8216;Eva Luna Couture hace brillar a cualquier mujer.&#8217;<\/em><\/p>\n<p>[\/vc_column_text]<div class=\"clearboth\"><\/div><style>#thegem-divider-69e8c4077d1b9 {margin-top: 50px !important;}<\/style><div id=\"thegem-divider-69e8c4077d1b9\" class=\"gem-divider  \" style=\"\" ><\/div>[\/vc_column][\/vc_row][vc_row css=\u00bb.vc_custom_1529099009885{margin-right: 10px !important;margin-left: 10px !important;}\u00bb][vc_column width=\u00bb1\/6&#8243;][\/vc_column][vc_column width=\u00bb2\/3&#8243;][vc_column_text]Eva Luna Couture emplea t\u00e9cnicas de alta costura aut\u00e9nticas y artesanales. T\u00e9cnicas que se remontan a tradiciones centenarias, pasadas de generaci\u00f3n a generaci\u00f3n en el mundo de la alta costura.[\/vc_column_text][vc_column_text]El dise\u00f1o se forma a la medida, sobre la piel de la persona, y nace de un di\u00e1logo entre la dise\u00f1adora y la cliente. Cada vestido se elabora utilizando los materiales m\u00e1s bonitos, y empleando t\u00e9cnicas cl\u00e1sicas as\u00ed como modernas. La alta costura de Eva Luna Couture es la quintaesencia del \u201checho a medida\u201d.<\/p>\n<p>La t\u00e9cnica artesanal consiste de cuatro fases. Cu\u00e1les son? Te lo explicamos en los enlaces siguientes.[\/vc_column_text]<div class=\"clearboth\"><\/div><style>#thegem-divider-69e8c4077d1cd {margin-top: 25px !important;}<\/style><div id=\"thegem-divider-69e8c4077d1cd\" class=\"gem-divider  \" style=\"\" ><\/div><style type=\"text\/css\">.thegem-button-69e8c4077d2644420 .gem-button svg {fill: #464646;}.thegem-button-69e8c4077d2644420 .gem-button:hover svg {fill: #ffffff;}<\/style><div class=\"gem-button-container gem-button-position-center thegem-button-69e8c4077d2644420    \"  ><a class=\"gem-button gem-button-size-small gem-button-style-outline gem-button-text-weight-normal gem-button-border-2\" data-ll-effect=\"drop-right-without-wrap\" style=\"border-radius: 2px;border-color: #464646;color: #464646;\" onmouseleave=\"this.style.borderColor='#464646';this.style.backgroundColor='transparent';this.style.color='#464646';\" onmouseenter=\"this.style.borderColor='#464646';this.style.backgroundColor='#464646';this.style.color='#ffffff';\" href=\"http:\/\/www.evalunacouture.nl\/es\/proceso\/\" target=\"_self\">Las cuatro fases<\/a><\/div> <div class=\"clearboth\"><\/div><style>#thegem-divider-69e8c4077d298 {margin-top: 50px !important;}<\/style><div id=\"thegem-divider-69e8c4077d298\" class=\"gem-divider  \" style=\"\" ><\/div>[\/vc_column][vc_column width=\u00bb1\/6&#8243;][\/vc_column][\/vc_row]<\/p>\n<\/div>","protected":false},"excerpt":{"rendered":"<p>[vc_row full_width=\u00bbstretch_row_content_no_spaces\u00bb content_placement=\u00bbmiddle\u00bb][vc_column][vc_single_image image=\u00bb25029&#8243; img_size=\u00bb4000&#215;1500&#8243; alignment=\u00bbcenter\u00bb][\/vc_column][\/vc_row][vc_row css=\u00bb.vc_custom_1529099001444{margin-right: 10px !important;margin-left: 10px !important;}\u00bb][vc_column][vc_column_text] Artesan\u00eda [\/vc_column_text][vc_column_text] &#8216;Eva Luna Couture hace brillar a cualquier&#8230;<\/p>\n","protected":false},"author":1,"featured_media":0,"parent":0,"menu_order":0,"comment_status":"closed","ping_status":"closed","template":"","meta":{"footnotes":""},"class_list":["post-25207","page","type-page","status-publish"],"yoast_head":"<!-- This site is optimized with the Yoast SEO plugin v26.6 - https:\/\/yoast.com\/wordpress\/plugins\/seo\/ -->\n<title>ARTESANIA - Eva Luna Couture<\/title>\n<meta name=\"robots\" content=\"index, follow, max-snippet:-1, max-image-preview:large, max-video-preview:-1\" \/>\n<link rel=\"canonical\" href=\"https:\/\/evalunacouture.nl\/es\/artesania\/\" \/>\n<meta property=\"og:locale\" content=\"es_ES\" \/>\n<meta property=\"og:type\" content=\"article\" \/>\n<meta property=\"og:title\" content=\"ARTESANIA - Eva Luna Couture\" \/>\n<meta property=\"og:description\" content=\"[vc_row full_width=\u00bbstretch_row_content_no_spaces\u00bb content_placement=\u00bbmiddle\u00bb][vc_column][vc_single_image image=\u00bb25029&#8243; img_size=\u00bb4000&#215;1500&#8243; alignment=\u00bbcenter\u00bb][\/vc_column][\/vc_row][vc_row css=\u00bb.vc_custom_1529099001444{margin-right: 10px !important;margin-left: 10px !important;}\u00bb][vc_column][vc_column_text] Artesan\u00eda [\/vc_column_text][vc_column_text] &#8216;Eva Luna Couture hace brillar a cualquier...\" \/>\n<meta property=\"og:url\" content=\"https:\/\/evalunacouture.nl\/es\/artesania\/\" \/>\n<meta property=\"og:site_name\" content=\"Eva Luna Couture\" \/>\n<meta property=\"article:modified_time\" content=\"2018-11-19T14:41:40+00:00\" \/>\n<meta name=\"twitter:card\" content=\"summary_large_image\" \/>\n<meta name=\"twitter:label1\" content=\"Tiempo de lectura\" \/>\n\t<meta name=\"twitter:data1\" content=\"1 minuto\" \/>\n<script type=\"application\/ld+json\" class=\"yoast-schema-graph\">{\"@context\":\"https:\/\/schema.org\",\"@graph\":[{\"@type\":\"WebPage\",\"@id\":\"https:\/\/evalunacouture.nl\/es\/artesania\/\",\"url\":\"https:\/\/evalunacouture.nl\/es\/artesania\/\",\"name\":\"ARTESANIA - Eva Luna Couture\",\"isPartOf\":{\"@id\":\"https:\/\/evalunacouture.nl\/es\/#website\"},\"datePublished\":\"2018-08-06T20:36:04+00:00\",\"dateModified\":\"2018-11-19T14:41:40+00:00\",\"breadcrumb\":{\"@id\":\"https:\/\/evalunacouture.nl\/es\/artesania\/#breadcrumb\"},\"inLanguage\":\"es\",\"potentialAction\":[{\"@type\":\"ReadAction\",\"target\":[\"https:\/\/evalunacouture.nl\/es\/artesania\/\"]}]},{\"@type\":\"BreadcrumbList\",\"@id\":\"https:\/\/evalunacouture.nl\/es\/artesania\/#breadcrumb\",\"itemListElement\":[{\"@type\":\"ListItem\",\"position\":1,\"name\":\"Home\",\"item\":\"https:\/\/evalunacouture.nl\/es\/\"},{\"@type\":\"ListItem\",\"position\":2,\"name\":\"ARTESANIA\"}]},{\"@type\":\"WebSite\",\"@id\":\"https:\/\/evalunacouture.nl\/es\/#website\",\"url\":\"https:\/\/evalunacouture.nl\/es\/\",\"name\":\"Eva Luna Couture\",\"description\":\"\",\"potentialAction\":[{\"@type\":\"SearchAction\",\"target\":{\"@type\":\"EntryPoint\",\"urlTemplate\":\"https:\/\/evalunacouture.nl\/es\/?s={search_term_string}\"},\"query-input\":{\"@type\":\"PropertyValueSpecification\",\"valueRequired\":true,\"valueName\":\"search_term_string\"}}],\"inLanguage\":\"es\"}]}<\/script>\n<!-- \/ Yoast SEO plugin. -->","yoast_head_json":{"title":"ARTESANIA - Eva Luna Couture","robots":{"index":"index","follow":"follow","max-snippet":"max-snippet:-1","max-image-preview":"max-image-preview:large","max-video-preview":"max-video-preview:-1"},"canonical":"https:\/\/evalunacouture.nl\/es\/artesania\/","og_locale":"es_ES","og_type":"article","og_title":"ARTESANIA - Eva Luna Couture","og_description":"[vc_row full_width=\u00bbstretch_row_content_no_spaces\u00bb content_placement=\u00bbmiddle\u00bb][vc_column][vc_single_image image=\u00bb25029&#8243; img_size=\u00bb4000&#215;1500&#8243; alignment=\u00bbcenter\u00bb][\/vc_column][\/vc_row][vc_row css=\u00bb.vc_custom_1529099001444{margin-right: 10px !important;margin-left: 10px !important;}\u00bb][vc_column][vc_column_text] Artesan\u00eda [\/vc_column_text][vc_column_text] &#8216;Eva Luna Couture hace brillar a cualquier...","og_url":"https:\/\/evalunacouture.nl\/es\/artesania\/","og_site_name":"Eva Luna Couture","article_modified_time":"2018-11-19T14:41:40+00:00","twitter_card":"summary_large_image","twitter_misc":{"Tiempo de lectura":"1 minuto"},"schema":{"@context":"https:\/\/schema.org","@graph":[{"@type":"WebPage","@id":"https:\/\/evalunacouture.nl\/es\/artesania\/","url":"https:\/\/evalunacouture.nl\/es\/artesania\/","name":"ARTESANIA - Eva Luna Couture","isPartOf":{"@id":"https:\/\/evalunacouture.nl\/es\/#website"},"datePublished":"2018-08-06T20:36:04+00:00","dateModified":"2018-11-19T14:41:40+00:00","breadcrumb":{"@id":"https:\/\/evalunacouture.nl\/es\/artesania\/#breadcrumb"},"inLanguage":"es","potentialAction":[{"@type":"ReadAction","target":["https:\/\/evalunacouture.nl\/es\/artesania\/"]}]},{"@type":"BreadcrumbList","@id":"https:\/\/evalunacouture.nl\/es\/artesania\/#breadcrumb","itemListElement":[{"@type":"ListItem","position":1,"name":"Home","item":"https:\/\/evalunacouture.nl\/es\/"},{"@type":"ListItem","position":2,"name":"ARTESANIA"}]},{"@type":"WebSite","@id":"https:\/\/evalunacouture.nl\/es\/#website","url":"https:\/\/evalunacouture.nl\/es\/","name":"Eva Luna Couture","description":"","potentialAction":[{"@type":"SearchAction","target":{"@type":"EntryPoint","urlTemplate":"https:\/\/evalunacouture.nl\/es\/?s={search_term_string}"},"query-input":{"@type":"PropertyValueSpecification","valueRequired":true,"valueName":"search_term_string"}}],"inLanguage":"es"}]}},"_links":{"self":[{"href":"https:\/\/evalunacouture.nl\/es\/wp-json\/wp\/v2\/pages\/25207","targetHints":{"allow":["GET"]}}],"collection":[{"href":"https:\/\/evalunacouture.nl\/es\/wp-json\/wp\/v2\/pages"}],"about":[{"href":"https:\/\/evalunacouture.nl\/es\/wp-json\/wp\/v2\/types\/page"}],"author":[{"embeddable":true,"href":"https:\/\/evalunacouture.nl\/es\/wp-json\/wp\/v2\/users\/1"}],"replies":[{"embeddable":true,"href":"https:\/\/evalunacouture.nl\/es\/wp-json\/wp\/v2\/comments?post=25207"}],"version-history":[{"count":12,"href":"https:\/\/evalunacouture.nl\/es\/wp-json\/wp\/v2\/pages\/25207\/revisions"}],"predecessor-version":[{"id":26239,"href":"https:\/\/evalunacouture.nl\/es\/wp-json\/wp\/v2\/pages\/25207\/revisions\/26239"}],"wp:attachment":[{"href":"https:\/\/evalunacouture.nl\/es\/wp-json\/wp\/v2\/media?parent=25207"}],"curies":[{"name":"wp","href":"https:\/\/api.w.org\/{rel}","templated":true}]}}